{"id":12,"date":"2018-11-15T17:05:45","date_gmt":"2018-11-15T16:05:45","guid":{"rendered":"http:\/\/www.crtranciatura.it\/?page_id=12"},"modified":"2021-09-24T08:10:47","modified_gmt":"2021-09-24T06:10:47","slug":"homepage","status":"publish","type":"page","link":"https:\/\/www.crtranciatura.it\/de\/","title":{"rendered":"Homepage"},"content":{"rendered":"<div class=\"wpb-content-wrapper\"><p>[vc_row css_animation=&#8220;&#8220; row_type=&#8220;row&#8220; use_row_as_full_screen_section=&#8220;no&#8220; type=&#8220;full_width&#8220; angled_section=&#8220;no&#8220; text_align=&#8220;left&#8220; background_image_as_pattern=&#8220;without_pattern&#8220;][vc_column][rev_slider_vc alias=&#8220;home-carousel&#8220;][vc_empty_space height=&#8220;60px&#8220;][\/vc_column][\/vc_row][vc_row css_animation=&#8220;&#8220; row_type=&#8220;row&#8220; use_row_as_full_screen_section=&#8220;no&#8220; type=&#8220;grid&#8220; angled_section=&#8220;no&#8220; text_align=&#8220;center&#8220; background_image_as_pattern=&#8220;without_pattern&#8220; z_index=&#8220;&#8220;][vc_column][vc_column_text]<\/p>\n<p style=\"font-size: 20px;\">Im Jahr 1972 wurde das Unternehmen CR gegr\u00fcndet, das auf die Herstellung von Pressen f\u00fcr das Stanzen von Elektroblechen f\u00fcr Rotormaschinen spezialisiert ist. Das Unternehmen begann mit der grundlegenden T\u00e4tigkeit des Schneidens, sprich dem Stanzen, und entwickelte sich sukzessive mit der <strong>Produktion von druckgegossenen Statoren und Rotoren weiter<\/strong>.<\/p>\n<p>[\/vc_column_text][\/vc_column][\/vc_row][vc_row css_animation=&#8220;&#8220; row_type=&#8220;row&#8220; use_row_as_full_screen_section=&#8220;no&#8220; type=&#8220;grid&#8220; angled_section=&#8220;no&#8220; text_align=&#8220;left&#8220; background_image_as_pattern=&#8220;without_pattern&#8220; z_index=&#8220;&#8220;][vc_column][vc_separator type=&#8220;normal&#8220; color=&#8220;#092537&#8243; transparency=&#8220;1&#8243; thickness=&#8220;1&#8243; up=&#8220;60&#8243; down=&#8220;40&#8243;][vc_column_text]Wir entwerfen Muster, realisieren und entwickeln Standardmodelle sowie personalisierte Projekte f\u00fcr:[\/vc_column_text][vc_empty_space height=&#8220;30px&#8220;][vc_row_inner row_type=&#8220;row&#8220; type=&#8220;grid&#8220; text_align=&#8220;left&#8220; css_animation=&#8220;&#8220;][vc_column_inner width=&#8220;4\/12&#8243;]<div class=\"q_icon_list\"><i class=\"qode_icon_font_awesome fa fa-check-square qode-ili-icon-holder transparent\" style=\"font-size: 25px;color: #092537;\" ><\/i><p style=\"color:#092537;font-size: 16px;font-weight: 400;margin-bottom: 20px;\">Elektrobleche AC<\/p><\/div><div class=\"q_icon_list\"><i class=\"qode_icon_font_awesome fa fa-check-square qode-ili-icon-holder transparent\" style=\"font-size: 25px;color: #092537;\" ><\/i><p style=\"color:#092537;font-size: 16px;font-weight: 400;margin-bottom: 20px;\">Elektrobleche CC<\/p><\/div><div class=\"q_icon_list\"><i class=\"qode_icon_font_awesome fa fa-check-square qode-ili-icon-holder transparent\" style=\"font-size: 25px;color: #092537;\" ><\/i><p style=\"color:#092537;font-size: 16px;font-weight: 400;margin-bottom: 20px;\">Elektrobleche Brushless<\/p><\/div>[\/vc_column_inner][vc_column_inner width=&#8220;8\/12&#8243;]<div class=\"q_icon_list\"><i class=\"qode_icon_font_awesome fa fa-check-square qode-ili-icon-holder transparent\" style=\"font-size: 25px;color: #092537;\" ><\/i><p style=\"color:#092537;font-size: 16px;font-weight: 400;margin-bottom: 20px;\">Elektrobleche f\u00fcr Motoren zur Verwendung in Tauchpumpen<\/p><\/div><div class=\"q_icon_list\"><i class=\"qode_icon_font_awesome fa fa-check-square qode-ili-icon-holder transparent\" style=\"font-size: 25px;color: #092537;\" ><\/i><p style=\"color:#092537;font-size: 16px;font-weight: 400;margin-bottom: 20px;\">Elektrobleche IEC 60034-2008 IE3<\/p><\/div>[\/vc_column_inner][\/vc_row_inner][vc_separator type=&#8220;normal&#8220; color=&#8220;#092537&#8243; transparency=&#8220;1&#8243; thickness=&#8220;1&#8243; up=&#8220;40&#8243; down=&#8220;30&#8243;][\/vc_column][\/vc_row][vc_row css_animation=&#8220;&#8220; row_type=&#8220;row&#8220; use_row_as_full_screen_section=&#8220;no&#8220; type=&#8220;grid&#8220; angled_section=&#8220;no&#8220; text_align=&#8220;left&#8220; background_image_as_pattern=&#8220;without_pattern&#8220; z_index=&#8220;&#8220;][vc_column][vc_column_text]<\/p>\n<h4>Unsere produkte<\/h4>\n<p>[\/vc_column_text][vc_empty_space height=&#8220;30px&#8220;][vc_row_inner row_type=&#8220;row&#8220; type=&#8220;grid&#8220; text_align=&#8220;left&#8220; css_animation=&#8220;&#8220;][vc_column_inner width=&#8220;1\/2&#8243;][qode_elements_holder number_of_columns=&#8220;two_columns&#8220; columns_proportion=&#8220;33_66&#8243;][qode_elements_holder_item item_padding=&#8220;0 20px 30px 0&#8243; advanced_animations=&#8220;no&#8220; item_padding_600_768=&#8220;0px&#8220; item_padding_480_600=&#8220;0px&#8220; item_padding_480=&#8220;0px&#8220;][vc_gallery interval=&#8220;5&#8243; images=&#8220;1280,1277,1274,1271,1268,1265,1262,1259,1256,1253&#8243; img_size=&#8220;full&#8220; onclick=&#8220;&#8220; enable_drag=&#8220;no&#8220; direction_nav=&#8220;yes&#8220; control_nav=&#8220;no&#8220;][\/qode_elements_holder_item][qode_elements_holder_item advanced_animations=&#8220;no&#8220; item_padding_600_768=&#8220;0 0 20px 0&#8243;][vc_column_text]<\/p>\n<h3>Feinbleche\/ Statoren und Rotoren-Pakete<\/h3>\n<p>[\/vc_column_text]<a  itemprop=\"url\" href=\"\/de\/produkte\/feinbleche-statoren-und-rotoren-pakete\/\" target=\"_self\" data-hover-background-color=#092537 data-hover-border-color=#092537 data-hover-color=#ffffff class=\"qbutton  center default\" style=\"color: #ffffff; border-color: #092537; font-style: normal; font-weight: 400; font-family: Open Sans; text-transform: none; font-size: 16px; letter-spacing: 0px; margin: 5px 0 0 0; border-radius: 0px;-moz-border-radius: 0px;-webkit-border-radius: 0px; background-color: #092537;\">displays<\/a>[\/qode_elements_holder_item][\/qode_elements_holder][\/vc_column_inner][vc_column_inner width=&#8220;1\/2&#8243;][qode_elements_holder number_of_columns=&#8220;two_columns&#8220; columns_proportion=&#8220;33_66&#8243;][qode_elements_holder_item item_padding=&#8220;0 20px 0 0&#8243; advanced_animations=&#8220;no&#8220; item_padding_600_768=&#8220;0px&#8220; item_padding_480_600=&#8220;20px 0 0 0&#8243; item_padding_480=&#8220;20px 0 0 0&#8243;][vc_gallery interval=&#8220;5&#8243; images=&#8220;1250,1247,1244,1241,1238,1235,1232,1229,1226,1223&#8243; img_size=&#8220;full&#8220; onclick=&#8220;&#8220; enable_drag=&#8220;no&#8220; direction_nav=&#8220;yes&#8220; control_nav=&#8220;no&#8220;][\/qode_elements_holder_item][qode_elements_holder_item advanced_animations=&#8220;no&#8220; item_padding_600_768=&#8220;0 0 50px 0&#8243; item_padding_480_600=&#8220;0 0 50px 0&#8243; item_padding_480=&#8220;0 0 50px 0&#8243;][vc_column_text]<\/p>\n<h3>Druckgegossene Rotoren<\/h3>\n<p>[\/vc_column_text]<a  itemprop=\"url\" href=\"\/de\/produkte\/druckgegossene-rotoren\" target=\"_self\" data-hover-background-color=#092537 data-hover-border-color=#092537 data-hover-color=#ffffff class=\"qbutton  center default\" style=\"color: #ffffff; border-color: #092537; font-style: normal; font-weight: 400; font-family: Open Sans; text-transform: none; font-size: 16px; letter-spacing: 0px; margin: 5px 0 0 0; border-radius: 0px;-moz-border-radius: 0px;-webkit-border-radius: 0px; background-color: #092537;\">displays<\/a>[\/qode_elements_holder_item][\/qode_elements_holder][\/vc_column_inner][\/vc_row_inner][vc_separator type=&#8220;normal&#8220; color=&#8220;#092537&#8243; transparency=&#8220;1&#8243; thickness=&#8220;1&#8243; up=&#8220;20&#8243; down=&#8220;30&#8243;][\/vc_column][\/vc_row][vc_row css_animation=&#8220;&#8220; row_type=&#8220;row&#8220; use_row_as_full_screen_section=&#8220;no&#8220; type=&#8220;grid&#8220; angled_section=&#8220;no&#8220; text_align=&#8220;left&#8220; background_image_as_pattern=&#8220;without_pattern&#8220; z_index=&#8220;&#8220;][vc_column][vc_column_text]<\/p>\n<h4>Qualit\u00e4t<\/h4>\n<p>[\/vc_column_text][vc_empty_space height=&#8220;30px&#8220;][vc_row_inner row_type=&#8220;row&#8220; type=&#8220;grid&#8220; text_align=&#8220;left&#8220; css_animation=&#8220;&#8220;][vc_column_inner width=&#8220;2\/12&#8243;][vc_single_image image=&#8220;130&#8243; img_size=&#8220;full&#8220; style=&#8220;vc_box_border&#8220; onclick=&#8220;custom_link&#8220; qode_css_animation=&#8220;&#8220; link=&#8220;\/wp-content\/uploads\/2019\/02\/TUV_certificato_2019.pdf&#8220;][\/vc_column_inner][vc_column_inner width=&#8220;10\/12&#8243;][vc_column_text]Wir pr\u00fcfen alle Marktanfragen auf Durchf\u00fchrbarkeit und Realisierbarkeit. Unsere technischen Entw\u00fcrfe sind ein Garant f\u00fcr die G\u00fcte des Produktes sowie daf\u00fcr, dass die geforderten magnetischen und mechanischen Charakteristiken und Toleranzen den Anspr\u00fcchen gen\u00fcgen.[\/vc_column_text][\/vc_column_inner][\/vc_row_inner][vc_empty_space height=&#8220;140px&#8220;][vc_single_image image=&#8220;1502&#8243; img_size=&#8220;large&#8220; qode_css_animation=&#8220;&#8220;][vc_empty_space height=&#8220;140px&#8220;][vc_empty_space height=&#8220;140px&#8220;][\/vc_column][\/vc_row][vc_row css_animation=&#8220;&#8220; row_type=&#8220;row&#8220; use_row_as_full_screen_section=&#8220;no&#8220; type=&#8220;full_width&#8220; angled_section=&#8220;no&#8220; text_align=&#8220;left&#8220; background_image_as_pattern=&#8220;without_pattern&#8220;][vc_column][vc_empty_space height=&#8220;140px&#8220;][\/vc_column][\/vc_row]<\/p>\n<\/div>","protected":false},"excerpt":{"rendered":"<p>[vc_row css_animation=&#8220;&#8220; row_type=&#8220;row&#8220; use_row_as_full_screen_section=&#8220;no&#8220; type=&#8220;full_width&#8220; angled_section=&#8220;no&#8220; text_align=&#8220;left&#8220; background_image_as_pattern=&#8220;without_pattern&#8220;][vc_column][rev_slider_vc alias=&#8220;home-carousel&#8220;][vc_empty_space height=&#8220;60px&#8220;][\/vc_column][\/vc_row][vc_row css_animation=&#8220;&#8220; row_type=&#8220;row&#8220; use_row_as_full_screen_section=&#8220;no&#8220; type=&#8220;grid&#8220; angled_section=&#8220;no&#8220; text_align=&#8220;center&#8220; background_image_as_pattern=&#8220;without_pattern&#8220; z_index=&#8220;&#8220;][vc_column][vc_column_text] Im Jahr 1972 wurde das Unternehmen CR gegr\u00fcndet, das auf die Herstellung von Pressen f\u00fcr das Stanzen von Elektroblechen f\u00fcr Rotormaschinen spezialisiert ist. Das Unternehmen begann mit&#8230;<\/p>\n","protected":false},"author":1,"featured_media":0,"parent":0,"menu_order":0,"comment_status":"closed","ping_status":"closed","template":"full_width.php","meta":{"footnotes":""},"class_list":["post-12","page","type-page","status-publish","hentry"],"_links":{"self":[{"href":"https:\/\/www.crtranciatura.it\/de\/wp-json\/wp\/v2\/pages\/12","targetHints":{"allow":["GET"]}}],"collection":[{"href":"https:\/\/www.crtranciatura.it\/de\/wp-json\/wp\/v2\/pages"}],"about":[{"href":"https:\/\/www.crtranciatura.it\/de\/wp-json\/wp\/v2\/types\/page"}],"author":[{"embeddable":true,"href":"https:\/\/www.crtranciatura.it\/de\/wp-json\/wp\/v2\/users\/1"}],"replies":[{"embeddable":true,"href":"https:\/\/www.crtranciatura.it\/de\/wp-json\/wp\/v2\/comments?post=12"}],"version-history":[{"count":0,"href":"https:\/\/www.crtranciatura.it\/de\/wp-json\/wp\/v2\/pages\/12\/revisions"}],"wp:attachment":[{"href":"https:\/\/www.crtranciatura.it\/de\/wp-json\/wp\/v2\/media?parent=12"}],"curies":[{"name":"wp","href":"https:\/\/api.w.org\/{rel}","templated":true}]}}