{"id":910,"date":"2018-11-26T14:28:57","date_gmt":"2018-11-26T13:28:57","guid":{"rendered":"http:\/\/www.crtranciatura.it\/?page_id=910"},"modified":"2019-02-25T15:21:52","modified_gmt":"2019-02-25T14:21:52","slug":"qualitaet","status":"publish","type":"page","link":"https:\/\/www.crtranciatura.it\/de\/qualitaet\/","title":{"rendered":"Qualit\u00e4t"},"content":{"rendered":"<div class=\"wpb-content-wrapper\"><p>[vc_row css_animation=&#8220;&#8220; row_type=&#8220;row&#8220; use_row_as_full_screen_section=&#8220;no&#8220; type=&#8220;full_width&#8220; angled_section=&#8220;no&#8220; text_align=&#8220;left&#8220; background_image_as_pattern=&#8220;without_pattern&#8220;][vc_column][vc_single_image image=&#8220;1153&#8243; img_size=&#8220;full&#8220; qode_css_animation=&#8220;&#8220;][\/vc_column][\/vc_row][vc_row css_animation=&#8220;&#8220; row_type=&#8220;row&#8220; use_row_as_full_screen_section=&#8220;no&#8220; type=&#8220;grid&#8220; angled_section=&#8220;no&#8220; text_align=&#8220;left&#8220; background_image_as_pattern=&#8220;without_pattern&#8220; z_index=&#8220;&#8220;][vc_column][vc_empty_space height=&#8220;50px&#8220;][vc_column_text]<div id=\"bcn_widget-2\" class=\"widget widget_breadcrumb_navxt amr_widget posts_holder\"><div class=\"breadcrumbs\" vocab=\"https:\/\/schema.org\/\" typeof=\"BreadcrumbList\"><span property=\"itemListElement\" typeof=\"ListItem\"><a property=\"item\" typeof=\"WebPage\" title=\"Go to C.R. Spa.\" href=\"https:\/\/www.crtranciatura.it\/de\/\" class=\"home\"><span property=\"name\">Home<\/span><\/a><meta property=\"position\" content=\"1\"><\/span><\/div><\/div>[\/vc_column_text][vc_separator type=&#8220;normal&#8220; color=&#8220;#092537&#8243; thickness=&#8220;1&#8243; up=&#8220;5&#8243; down=&#8220;30&#8243;][\/vc_column][\/vc_row][vc_row css_animation=&#8220;&#8220; row_type=&#8220;row&#8220; use_row_as_full_screen_section=&#8220;no&#8220; type=&#8220;grid&#8220; angled_section=&#8220;no&#8220; text_align=&#8220;left&#8220; background_image_as_pattern=&#8220;without_pattern&#8220; z_index=&#8220;&#8220;][vc_column css=&#8220;.vc_custom_1543246488396{margin-top: 20px !important;margin-bottom: 50px !important;}&#8220;][vc_column_text el_class=&#8220;post_infos&#8220;]Qualit\u00e4t[\/vc_column_text][\/vc_column][\/vc_row][vc_row css_animation=&#8220;&#8220; row_type=&#8220;row&#8220; use_row_as_full_screen_section=&#8220;no&#8220; type=&#8220;grid&#8220; angled_section=&#8220;no&#8220; text_align=&#8220;left&#8220; background_image_as_pattern=&#8220;without_pattern&#8220; z_index=&#8220;&#8220;][vc_column width=&#8220;1\/4&#8243;][vc_single_image image=&#8220;1125&#8243; img_size=&#8220;full&#8220; onclick=&#8220;custom_link&#8220; qode_css_animation=&#8220;&#8220; link=&#8220;\/wp-content\/uploads\/2019\/02\/TUV_certificato_2019.pdf&#8220;][\/vc_column][vc_column width=&#8220;3\/4&#8243;][vc_column_text]Die druckgegossenen Statoren und Rotoren werden w\u00e4hrend und nach den diversen Arbeitsschritten genauesten Kontrollen unterzogen.<\/p>\n<p>&nbsp;<\/p>\n<p>Wir pr\u00fcfen alle Marktanfragen auf Durchf\u00fchrbarkeit und Realisierbarkeit. Unsere technischen Entw\u00fcrfe sind ein Garant f\u00fcr die G\u00fcte des Produktes sowie daf\u00fcr, dass die geforderten magnetischen und mechanischen Charakteristiken und Toleranzen den Anspr\u00fcchen gen\u00fcgen.<\/p>\n<p>&nbsp;<\/p>\n<p>Das verwendete hochwertige Material wird st\u00e4ndig kontrolliert und gelangt nur dann in die Produktion, wenn es den Richtlinien\/Normen entspricht.<\/p>\n<p>&nbsp;<\/p>\n<p>Um den Qualit\u00e4tsstandard der CR zu wahren, nimmt das Arbeitspersonal an Fortbildungskursen teil, die auf die Qualit\u00e4tssicherung im Unternehmen ausgerichtet sind. Zus\u00e4tzlich erhalten die Angestellten der CR regelm\u00e4\u00dfige Briefings f\u00fcr Verbesserungsma\u00dfnahmen.[\/vc_column_text][\/vc_column][\/vc_row][vc_row css_animation=&#8220;&#8220; row_type=&#8220;row&#8220; use_row_as_full_screen_section=&#8220;no&#8220; type=&#8220;full_width&#8220; angled_section=&#8220;no&#8220; text_align=&#8220;left&#8220; background_image_as_pattern=&#8220;without_pattern&#8220;][vc_column][vc_empty_space height=&#8220;100px&#8220;][\/vc_column][\/vc_row]<\/p>\n<\/div>","protected":false},"excerpt":{"rendered":"<p>[vc_row css_animation=&#8220;&#8220; row_type=&#8220;row&#8220; use_row_as_full_screen_section=&#8220;no&#8220; type=&#8220;full_width&#8220; angled_section=&#8220;no&#8220; text_align=&#8220;left&#8220; background_image_as_pattern=&#8220;without_pattern&#8220;][vc_column][vc_single_image image=&#8220;1153&#8243; img_size=&#8220;full&#8220; qode_css_animation=&#8220;&#8220;][\/vc_column][\/vc_row][vc_row css_animation=&#8220;&#8220; row_type=&#8220;row&#8220; use_row_as_full_screen_section=&#8220;no&#8220; type=&#8220;grid&#8220; angled_section=&#8220;no&#8220; text_align=&#8220;left&#8220; background_image_as_pattern=&#8220;without_pattern&#8220; z_index=&#8220;&#8220;][vc_column][vc_empty_space height=&#8220;50px&#8220;][vc_column_text][\/vc_column_text][vc_separator type=&#8220;normal&#8220; color=&#8220;#092537&#8243; thickness=&#8220;1&#8243; up=&#8220;5&#8243; down=&#8220;30&#8243;][\/vc_column][\/vc_row][vc_row css_animation=&#8220;&#8220; row_type=&#8220;row&#8220; use_row_as_full_screen_section=&#8220;no&#8220; type=&#8220;grid&#8220; angled_section=&#8220;no&#8220; text_align=&#8220;left&#8220; background_image_as_pattern=&#8220;without_pattern&#8220; z_index=&#8220;&#8220;][vc_column css=&#8220;.vc_custom_1543246488396{margin-top: 20px !important;margin-bottom: 50px !important;}&#8220;][vc_column_text el_class=&#8220;post_infos&#8220;]Qualit\u00e4t[\/vc_column_text][\/vc_column][\/vc_row][vc_row css_animation=&#8220;&#8220; row_type=&#8220;row&#8220; use_row_as_full_screen_section=&#8220;no&#8220; type=&#8220;grid&#8220; angled_section=&#8220;no&#8220; text_align=&#8220;left&#8220;&#8230;<\/p>\n","protected":false},"author":2,"featured_media":0,"parent":0,"menu_order":0,"comment_status":"closed","ping_status":"closed","template":"full_width.php","meta":{"footnotes":""},"class_list":["post-910","page","type-page","status-publish","hentry"],"_links":{"self":[{"href":"https:\/\/www.crtranciatura.it\/de\/wp-json\/wp\/v2\/pages\/910","targetHints":{"allow":["GET"]}}],"collection":[{"href":"https:\/\/www.crtranciatura.it\/de\/wp-json\/wp\/v2\/pages"}],"about":[{"href":"https:\/\/www.crtranciatura.it\/de\/wp-json\/wp\/v2\/types\/page"}],"author":[{"embeddable":true,"href":"https:\/\/www.crtranciatura.it\/de\/wp-json\/wp\/v2\/users\/2"}],"replies":[{"embeddable":true,"href":"https:\/\/www.crtranciatura.it\/de\/wp-json\/wp\/v2\/comments?post=910"}],"version-history":[{"count":0,"href":"https:\/\/www.crtranciatura.it\/de\/wp-json\/wp\/v2\/pages\/910\/revisions"}],"wp:attachment":[{"href":"https:\/\/www.crtranciatura.it\/de\/wp-json\/wp\/v2\/media?parent=910"}],"curies":[{"name":"wp","href":"https:\/\/api.w.org\/{rel}","templated":true}]}}