{"id":31,"date":"2018-11-16T09:43:35","date_gmt":"2018-11-16T08:43:35","guid":{"rendered":"http:\/\/www.crtranciatura.it\/?page_id=31"},"modified":"2019-10-23T11:56:32","modified_gmt":"2019-10-23T09:56:32","slug":"azienda","status":"publish","type":"page","link":"https:\/\/www.crtranciatura.it\/it\/azienda\/","title":{"rendered":"Azienda"},"content":{"rendered":"<div class=\"wpb-content-wrapper\"><p>[vc_row css_animation=&#8221;&#8221; row_type=&#8221;row&#8221; use_row_as_full_screen_section=&#8221;no&#8221; type=&#8221;full_width&#8221; angled_section=&#8221;no&#8221; text_align=&#8221;left&#8221; background_image_as_pattern=&#8221;without_pattern&#8221;][vc_column][rev_slider_vc alias=&#8221;home-carousel&#8221;][vc_empty_space height=&#8221;50px&#8221;][\/vc_column][\/vc_row][vc_row css_animation=&#8221;&#8221; row_type=&#8221;row&#8221; use_row_as_full_screen_section=&#8221;no&#8221; type=&#8221;grid&#8221; angled_section=&#8221;no&#8221; text_align=&#8221;center&#8221; background_image_as_pattern=&#8221;without_pattern&#8221; z_index=&#8221;&#8221;][vc_column][vc_column_text]<div id=\"bcn_widget-2\" class=\"widget widget_breadcrumb_navxt amr_widget posts_holder\"><div class=\"breadcrumbs\" vocab=\"https:\/\/schema.org\/\" typeof=\"BreadcrumbList\"><span property=\"itemListElement\" typeof=\"ListItem\"><a property=\"item\" typeof=\"WebPage\" title=\"Go to C.R. Spa.\" href=\"https:\/\/www.crtranciatura.it\/it\/\" class=\"home\"><span property=\"name\">Home<\/span><\/a><meta property=\"position\" content=\"1\"><\/span><\/div><\/div>[\/vc_column_text][vc_separator type=&#8221;normal&#8221; color=&#8221;#092537&#8243; thickness=&#8221;1&#8243; up=&#8221;5&#8243; down=&#8221;30&#8243;][vc_column_text]<\/p>\n<p style=\"font-size: 20px;\">L\u2019 esperienza di settore unita alla capacit\u00e0 di innovazione garantiscono affidabilit\u00e0 di prodotto e un servizio sempre pi\u00f9 orientato al cliente.<\/p>\n<p>&nbsp;<\/p>\n<p style=\"font-size: 20px;\">La <strong>certificazione ISO 9001<\/strong> \u00e8 il segnale del costante impegno che CR SpA riserva nelle fasi di lavorazione, dal monitoraggio nella materia prima con partner di fornitura ai massimi livelli di affidabilit\u00e0, al costante investimento sul parco macchine di produzione fino al controllo finale sui pacchi statori e rotori pressofusi.<\/p>\n<p>[\/vc_column_text][\/vc_column][\/vc_row][vc_row css_animation=&#8221;&#8221; row_type=&#8221;row&#8221; use_row_as_full_screen_section=&#8221;no&#8221; type=&#8221;grid&#8221; angled_section=&#8221;no&#8221; text_align=&#8221;left&#8221; background_image_as_pattern=&#8221;without_pattern&#8221; z_index=&#8221;&#8221;][vc_column][vc_separator type=&#8221;normal&#8221; color=&#8221;#092537&#8243; transparency=&#8221;1&#8243; thickness=&#8221;1&#8243; up=&#8221;60&#8243; down=&#8221;40&#8243;][\/vc_column][\/vc_row][vc_row css_animation=&#8221;&#8221; row_type=&#8221;row&#8221; use_row_as_full_screen_section=&#8221;no&#8221; type=&#8221;grid&#8221; angled_section=&#8221;no&#8221; text_align=&#8221;left&#8221; background_image_as_pattern=&#8221;without_pattern&#8221; z_index=&#8221;&#8221;][vc_column width=&#8221;4\/12&#8243;][vc_single_image image=&#8221;89&#8243; img_size=&#8221;full&#8221; qode_css_animation=&#8221;&#8221;][\/vc_column][vc_column width=&#8221;8\/12&#8243;][vc_column_text]<\/p>\n<h4>Tranciatura<\/h4>\n<p>[\/vc_column_text][vc_column_text]Il reparto di tranciatura si avvale di presse che utilizzano sia stampi convenzionali che stampi di &#8220;impaccaggio&#8221; con possibilit\u00e0 di funzione speciale .[\/vc_column_text][\/vc_column][\/vc_row][vc_row css_animation=&#8221;&#8221; row_type=&#8221;row&#8221; use_row_as_full_screen_section=&#8221;no&#8221; type=&#8221;full_width&#8221; angled_section=&#8221;no&#8221; text_align=&#8221;left&#8221; background_image_as_pattern=&#8221;without_pattern&#8221;][vc_column][vc_empty_space height=&#8221;70px&#8221;][\/vc_column][\/vc_row][vc_row css_animation=&#8221;&#8221; row_type=&#8221;row&#8221; use_row_as_full_screen_section=&#8221;no&#8221; type=&#8221;grid&#8221; angled_section=&#8221;no&#8221; text_align=&#8221;left&#8221; background_image_as_pattern=&#8221;without_pattern&#8221; z_index=&#8221;&#8221;][vc_column width=&#8221;8\/12&#8243;][vc_column_text]<\/p>\n<h4>Pressofusione<\/h4>\n<p>[\/vc_column_text][vc_column_text]Il reparto pressofusione produce i rotori a gabbia di scoiattolo con stampi a impronta multipla e sistemi automatici di carico\/scarico.[\/vc_column_text][\/vc_column][vc_column width=&#8221;4\/12&#8243;][vc_single_image image=&#8221;86&#8243; img_size=&#8221;full&#8221; qode_css_animation=&#8221;&#8221;][\/vc_column][\/vc_row][vc_row css_animation=&#8221;&#8221; row_type=&#8221;row&#8221; use_row_as_full_screen_section=&#8221;no&#8221; type=&#8221;full_width&#8221; angled_section=&#8221;no&#8221; text_align=&#8221;left&#8221; background_image_as_pattern=&#8221;without_pattern&#8221;][vc_column][vc_empty_space height=&#8221;70px&#8221;][\/vc_column][\/vc_row][vc_row css_animation=&#8221;&#8221; row_type=&#8221;row&#8221; use_row_as_full_screen_section=&#8221;no&#8221; type=&#8221;grid&#8221; angled_section=&#8221;no&#8221; text_align=&#8221;left&#8221; background_image_as_pattern=&#8221;without_pattern&#8221; z_index=&#8221;&#8221;][vc_column width=&#8221;4\/12&#8243;][vc_single_image image=&#8221;83&#8243; img_size=&#8221;full&#8221; qode_css_animation=&#8221;&#8221;][\/vc_column][vc_column width=&#8221;8\/12&#8243;][vc_column_text]<\/p>\n<h4>Costruzione stampi<\/h4>\n<p>[\/vc_column_text][vc_column_text]Il reparto officina realizza gli stampi e ne effettua la manutenzione che \u00e8 programmata per mantenere la produzione sempre ai massimi livelli.[\/vc_column_text][\/vc_column][\/vc_row][vc_row css_animation=&#8221;&#8221; row_type=&#8221;row&#8221; use_row_as_full_screen_section=&#8221;no&#8221; type=&#8221;full_width&#8221; angled_section=&#8221;no&#8221; text_align=&#8221;left&#8221; background_image_as_pattern=&#8221;without_pattern&#8221;][vc_column][vc_empty_space height=&#8221;70px&#8221;][\/vc_column][\/vc_row][vc_row css_animation=&#8221;&#8221; row_type=&#8221;row&#8221; use_row_as_full_screen_section=&#8221;no&#8221; type=&#8221;grid&#8221; angled_section=&#8221;no&#8221; text_align=&#8221;left&#8221; background_image_as_pattern=&#8221;without_pattern&#8221; z_index=&#8221;&#8221;][vc_column width=&#8221;8\/12&#8243;][vc_column_text]<\/p>\n<h4>Ufficio tecnico<\/h4>\n<p>[\/vc_column_text][vc_column_text]Progettiamo e realizziamo stampi progressivi di tranciatura per lamierini magnetici a servizio di motori elettrici AC, CC, Brushless e universali. In sinergia con il cliente, personalizziamo anche matrici per ottenere corone di pressofusione su misura a specifica applicazione.<\/p>\n<p>&nbsp;<\/p>\n<p>L&#8217;ufficio tecnico certificato ISO 9001, progetta, sperimenta e industrializza nuove tipologie di prodotto e il miglioramento delle attuali. La costante ricerca di CR \u00e8 oggi pi\u00f9 che mai orientata al risparmio energetico e al miglioramento del rendimento degli statori e rotori pressofusi in alluminio e rame.[\/vc_column_text][\/vc_column][vc_column width=&#8221;4\/12&#8243;][vc_single_image image=&#8221;92&#8243; img_size=&#8221;full&#8221; qode_css_animation=&#8221;&#8221;][\/vc_column][\/vc_row][vc_row css_animation=&#8221;&#8221; row_type=&#8221;row&#8221; use_row_as_full_screen_section=&#8221;no&#8221; type=&#8221;grid&#8221; angled_section=&#8221;no&#8221; text_align=&#8221;left&#8221; background_image_as_pattern=&#8221;without_pattern&#8221; z_index=&#8221;&#8221;][vc_column][vc_empty_space height=&#8221;20px&#8221;][vc_column_text]Inoltre, ricerchiamo nuove efficienze meccaniche e d elettriche, in equipe con produttori esperti di avvolgimento, albero motore, componentistica in alluminio e acciaio.[\/vc_column_text][vc_empty_space height=&#8221;70px&#8221;][\/vc_column][\/vc_row]<\/p>\n<\/div>","protected":false},"excerpt":{"rendered":"<p>[vc_row css_animation=&#8221;&#8221; row_type=&#8221;row&#8221; use_row_as_full_screen_section=&#8221;no&#8221; type=&#8221;full_width&#8221; angled_section=&#8221;no&#8221; text_align=&#8221;left&#8221; background_image_as_pattern=&#8221;without_pattern&#8221;][vc_column][rev_slider_vc alias=&#8221;home-carousel&#8221;][vc_empty_space height=&#8221;50px&#8221;][\/vc_column][\/vc_row][vc_row css_animation=&#8221;&#8221; row_type=&#8221;row&#8221; use_row_as_full_screen_section=&#8221;no&#8221; type=&#8221;grid&#8221; angled_section=&#8221;no&#8221; text_align=&#8221;center&#8221; background_image_as_pattern=&#8221;without_pattern&#8221; z_index=&#8221;&#8221;][vc_column][vc_column_text][\/vc_column_text][vc_separator type=&#8221;normal&#8221; color=&#8221;#092537&#8243; thickness=&#8221;1&#8243; up=&#8221;5&#8243; down=&#8221;30&#8243;][vc_column_text] L\u2019 esperienza di settore unita alla capacit\u00e0 di innovazione garantiscono affidabilit\u00e0 di prodotto e un servizio sempre pi\u00f9 orientato al cliente. &nbsp;&#8230;<\/p>\n","protected":false},"author":2,"featured_media":0,"parent":0,"menu_order":0,"comment_status":"closed","ping_status":"closed","template":"full_width.php","meta":{"footnotes":""},"class_list":["post-31","page","type-page","status-publish","hentry"],"_links":{"self":[{"href":"https:\/\/www.crtranciatura.it\/it\/wp-json\/wp\/v2\/pages\/31","targetHints":{"allow":["GET"]}}],"collection":[{"href":"https:\/\/www.crtranciatura.it\/it\/wp-json\/wp\/v2\/pages"}],"about":[{"href":"https:\/\/www.crtranciatura.it\/it\/wp-json\/wp\/v2\/types\/page"}],"author":[{"embeddable":true,"href":"https:\/\/www.crtranciatura.it\/it\/wp-json\/wp\/v2\/users\/2"}],"replies":[{"embeddable":true,"href":"https:\/\/www.crtranciatura.it\/it\/wp-json\/wp\/v2\/comments?post=31"}],"version-history":[{"count":0,"href":"https:\/\/www.crtranciatura.it\/it\/wp-json\/wp\/v2\/pages\/31\/revisions"}],"wp:attachment":[{"href":"https:\/\/www.crtranciatura.it\/it\/wp-json\/wp\/v2\/media?parent=31"}],"curies":[{"name":"wp","href":"https:\/\/api.w.org\/{rel}","templated":true}]}}